{"id":169,"date":"2014-09-21T22:28:50","date_gmt":"2014-09-21T20:28:50","guid":{"rendered":"http:\/\/pubweb.carnet.hr\/zgspeleo\/?page_id=169"},"modified":"2024-12-07T22:32:47","modified_gmt":"2024-12-07T21:32:47","slug":"kontakt","status":"publish","type":"page","link":"https:\/\/zagrebacki-speleoloski-savez.hr\/?page_id=169","title":{"rendered":"KONTAKTIRAJ NAS!"},"content":{"rendered":"<p>Zagreba\u010dki speleolo\u0161ki savez<br \/>\nKlai\u0107eva 42\/1, 10000 Zagreb<\/p>\n<p>e-mail: zgspeleo@gmail.com<\/p>\n<p>tel: +385 (0)99 683 29 78<\/p>\n<p>Katarina Azinovi\u0107, predsjednik<br \/>\nMaja Marini\u0107, tajnik<\/p>\n<p>&nbsp;<\/p>\n","protected":false},"excerpt":{"rendered":"<p>Zagreba\u010dki speleolo\u0161ki savez Klai\u0107eva 42\/1, 10000 Zagreb e-mail: zgspeleo@gmail.com tel: +385 (0)99 683 29 78 Katarina Azinovi\u0107, predsjednik Maja Marini\u0107, tajnik &nbsp;<\/p>\n","protected":false},"author":160,"featured_media":444,"parent":0,"menu_order":0,"comment_status":"closed","ping_status":"closed","template":"","meta":{"footnotes":""},"class_list":["post-169","page","type-page","status-publish","has-post-thumbnail","czr-hentry"],"_links":{"self":[{"href":"https:\/\/zagrebacki-speleoloski-savez.hr\/index.php?rest_route=\/wp\/v2\/pages\/169","targetHints":{"allow":["GET"]}}],"collection":[{"href":"https:\/\/zagrebacki-speleoloski-savez.hr\/index.php?rest_route=\/wp\/v2\/pages"}],"about":[{"href":"https:\/\/zagrebacki-speleoloski-savez.hr\/index.php?rest_route=\/wp\/v2\/types\/page"}],"author":[{"embeddable":true,"href":"https:\/\/zagrebacki-speleoloski-savez.hr\/index.php?rest_route=\/wp\/v2\/users\/160"}],"replies":[{"embeddable":true,"href":"https:\/\/zagrebacki-speleoloski-savez.hr\/index.php?rest_route=%2Fwp%2Fv2%2Fcomments&post=169"}],"version-history":[{"count":3,"href":"https:\/\/zagrebacki-speleoloski-savez.hr\/index.php?rest_route=\/wp\/v2\/pages\/169\/revisions"}],"predecessor-version":[{"id":525,"href":"https:\/\/zagrebacki-speleoloski-savez.hr\/index.php?rest_route=\/wp\/v2\/pages\/169\/revisions\/525"}],"wp:featuredmedia":[{"embeddable":true,"href":"https:\/\/zagrebacki-speleoloski-savez.hr\/index.php?rest_route=\/wp\/v2\/media\/444"}],"wp:attachment":[{"href":"https:\/\/zagrebacki-speleoloski-savez.hr\/index.php?rest_route=%2Fwp%2Fv2%2Fmedia&parent=169"}],"curies":[{"name":"wp","href":"https:\/\/api.w.org\/{rel}","templated":true}]}}