{"id":423,"date":"2019-01-15T13:32:47","date_gmt":"2019-01-15T12:32:47","guid":{"rendered":"http:\/\/pubweb.carnet.hr\/zgspeleo\/?page_id=423"},"modified":"2019-01-15T13:44:29","modified_gmt":"2019-01-15T12:44:29","slug":"sto-radimo","status":"publish","type":"page","link":"https:\/\/zagrebacki-speleoloski-savez.hr\/?page_id=423","title":{"rendered":"\u0160TO RADIMO?"},"content":{"rendered":"<p>MISIJA<\/p>\n<p>Okupljanje i koordinacija speleolo\u0161kih udruga, i drugih udruga i pravnih osoba registriranih za speleolo\u0161ku djelatnost koje djeluju na podru\u010dju Grada Zagreba i Zagreba\u010dke \u017eupanije,popularizacija i promicanje speleolo\u0161ke aktivnosti kao djelatnosti tehni\u010dke kulture u Gradu Zagrebu i Zagreba\u010dkoj \u017eupaniji,edukacija stanovni\u0161tva o svim aspektima speleolo\u0161ke aktivnosti, organizacija i stru\u010dno vodenje speleolo\u0161kih istra\u017eivanja i ekspedicija, Njegovanje amaterizma kao osnove rada i djelovanja,promicanje suradnje s ostalim Udrugama i Savezima,promicanje suradnje s dr\u017eavnim institucijama, ministarstvima, javnim ustanovama, sveu\u010dili\u0161tima, \u0161kolama i ostalim organizacijama, briga o za\u0161titi okoli\u0161a i o\u010duvanju prirode, organizacija i provodenje stru\u010dnih i znanstvenih aktivnosti na polju za\u0161tite okoli\u0161a, o\u010duvanja prirode i odr\u017eivog gospodarenja prirodnim resursima, edukacija i popularizacija aktivnosti vezanih uz za\u0161titu okoli\u0161a i odr\u017eivog gospodarenja prirodnim resursima, pru\u017eanje pomo\u0107i i spa\u0161avanje ljudi i dobara u slu\u010daju elementarnih nepogoda i drugih izvanrednih situacija. planiranje rada i razvoja speleologije,u oblasti tehnike: populariziranje i primjena tehni\u010dkih i informati\u010dkih dostignu\u0107a, provodenje tehni\u010dkog obrazovanja i poticanje stvarala\u010dkog rada s ciljem otkrivanja tehni\u010dkih inovacija primjenjivih u speleologiji.<\/p>\n<p>PROJEKTI<\/p>\n<p><a href=\"http:\/\/cistopodzemlje.info\/hr\/\" target=\"_blank\" rel=\"noopener\">projekt \u010cisto podzemlje<\/a><\/p>\n<p><a href=\"https:\/\/pp-velebit.hr\/hr\/ustanova-2\/projekti\/centar-izvrsnosti-cerova\u010dke-\u0161pilje\" target=\"_blank\" rel=\"noopener\">projekt Centar izvrsnosti Cerova\u010dke \u0161pilje- odr\u017eivo upravljanje prirodnom ba\u0161tinom i kr\u0161kim podzemljem<\/a><\/p>\n<p>&nbsp;<\/p>\n","protected":false},"excerpt":{"rendered":"<p>MISIJA Okupljanje i koordinacija speleolo\u0161kih udruga, i drugih udruga i pravnih osoba registriranih za speleolo\u0161ku djelatnost koje djeluju na podru\u010dju Grada Zagreba i Zagreba\u010dke \u017eupanije,popularizacija i promicanje speleolo\u0161ke aktivnosti kao djelatnosti tehni\u010dke kulture u Gradu Zagrebu i Zagreba\u010dkoj \u017eupaniji,edukacija stanovni\u0161tva o svim aspektima speleolo\u0161ke aktivnosti, organizacija i stru\u010dno vodenje speleolo\u0161kih istra\u017eivanja i ekspedicija, Njegovanje amaterizma [&hellip;]<\/p>\n","protected":false},"author":160,"featured_media":395,"parent":0,"menu_order":0,"comment_status":"closed","ping_status":"closed","template":"","meta":{"footnotes":""},"class_list":["post-423","page","type-page","status-publish","has-post-thumbnail","czr-hentry"],"_links":{"self":[{"href":"https:\/\/zagrebacki-speleoloski-savez.hr\/index.php?rest_route=\/wp\/v2\/pages\/423","targetHints":{"allow":["GET"]}}],"collection":[{"href":"https:\/\/zagrebacki-speleoloski-savez.hr\/index.php?rest_route=\/wp\/v2\/pages"}],"about":[{"href":"https:\/\/zagrebacki-speleoloski-savez.hr\/index.php?rest_route=\/wp\/v2\/types\/page"}],"author":[{"embeddable":true,"href":"https:\/\/zagrebacki-speleoloski-savez.hr\/index.php?rest_route=\/wp\/v2\/users\/160"}],"replies":[{"embeddable":true,"href":"https:\/\/zagrebacki-speleoloski-savez.hr\/index.php?rest_route=%2Fwp%2Fv2%2Fcomments&post=423"}],"version-history":[{"count":2,"href":"https:\/\/zagrebacki-speleoloski-savez.hr\/index.php?rest_route=\/wp\/v2\/pages\/423\/revisions"}],"predecessor-version":[{"id":429,"href":"https:\/\/zagrebacki-speleoloski-savez.hr\/index.php?rest_route=\/wp\/v2\/pages\/423\/revisions\/429"}],"wp:featuredmedia":[{"embeddable":true,"href":"https:\/\/zagrebacki-speleoloski-savez.hr\/index.php?rest_route=\/wp\/v2\/media\/395"}],"wp:attachment":[{"href":"https:\/\/zagrebacki-speleoloski-savez.hr\/index.php?rest_route=%2Fwp%2Fv2%2Fmedia&parent=423"}],"curies":[{"name":"wp","href":"https:\/\/api.w.org\/{rel}","templated":true}]}}