{"id":434,"date":"2019-01-15T14:36:11","date_gmt":"2019-01-15T13:36:11","guid":{"rendered":"http:\/\/pubweb.carnet.hr\/zgspeleo\/?page_id=434"},"modified":"2021-09-24T23:22:09","modified_gmt":"2021-09-24T21:22:09","slug":"projekti","status":"publish","type":"page","link":"https:\/\/zagrebacki-speleoloski-savez.hr\/?page_id=434","title":{"rendered":"PROJEKTI"},"content":{"rendered":"<ul>\n<li><a href=\"http:\/\/cistopodzemlje.info\/hr\/\" target=\"_blank\" rel=\"noopener\">Projekt \u010cisto podzemlje<\/a><\/li>\n<li><a href=\"https:\/\/pp-velebit.hr\/hr\/ustanova-2\/projekti\/centar-izvrsnosti-cerova\u010dke-\u0161pilje\" target=\"_blank\" rel=\"noopener\">Projekt Centar izvrsnosti Cerova\u010dke \u0161pilje- odr\u017eivo upravljanje prirodnom ba\u0161tinom i kr\u0161kim podzemljem<\/a><\/li>\n<li>Projekti u okviru Zagreba\u010dke zajednice tehni\u010dke kulture: Speleolo\u0161ka \u0161kola &#8211; tehni\u010dka edukacija u speleologiji<\/li>\n<\/ul>\n","protected":false},"excerpt":{"rendered":"<p>Projekt \u010cisto podzemlje Projekt Centar izvrsnosti Cerova\u010dke \u0161pilje- odr\u017eivo upravljanje prirodnom ba\u0161tinom i kr\u0161kim podzemljem Projekti u okviru Zagreba\u010dke zajednice tehni\u010dke kulture: Speleolo\u0161ka \u0161kola &#8211; tehni\u010dka edukacija u speleologiji<\/p>\n","protected":false},"author":160,"featured_media":0,"parent":0,"menu_order":0,"comment_status":"closed","ping_status":"closed","template":"","meta":{"footnotes":""},"class_list":["post-434","page","type-page","status-publish","czr-hentry"],"_links":{"self":[{"href":"https:\/\/zagrebacki-speleoloski-savez.hr\/index.php?rest_route=\/wp\/v2\/pages\/434","targetHints":{"allow":["GET"]}}],"collection":[{"href":"https:\/\/zagrebacki-speleoloski-savez.hr\/index.php?rest_route=\/wp\/v2\/pages"}],"about":[{"href":"https:\/\/zagrebacki-speleoloski-savez.hr\/index.php?rest_route=\/wp\/v2\/types\/page"}],"author":[{"embeddable":true,"href":"https:\/\/zagrebacki-speleoloski-savez.hr\/index.php?rest_route=\/wp\/v2\/users\/160"}],"replies":[{"embeddable":true,"href":"https:\/\/zagrebacki-speleoloski-savez.hr\/index.php?rest_route=%2Fwp%2Fv2%2Fcomments&post=434"}],"version-history":[{"count":2,"href":"https:\/\/zagrebacki-speleoloski-savez.hr\/index.php?rest_route=\/wp\/v2\/pages\/434\/revisions"}],"predecessor-version":[{"id":518,"href":"https:\/\/zagrebacki-speleoloski-savez.hr\/index.php?rest_route=\/wp\/v2\/pages\/434\/revisions\/518"}],"wp:attachment":[{"href":"https:\/\/zagrebacki-speleoloski-savez.hr\/index.php?rest_route=%2Fwp%2Fv2%2Fmedia&parent=434"}],"curies":[{"name":"wp","href":"https:\/\/api.w.org\/{rel}","templated":true}]}}