{"id":438,"date":"2019-01-15T14:38:29","date_gmt":"2019-01-15T13:38:29","guid":{"rendered":"http:\/\/pubweb.carnet.hr\/zgspeleo\/?page_id=438"},"modified":"2021-09-24T23:18:57","modified_gmt":"2021-09-24T21:18:57","slug":"clanice","status":"publish","type":"page","link":"https:\/\/zagrebacki-speleoloski-savez.hr\/?page_id=438","title":{"rendered":"UDRUGE \u010cLANICE SAVEZA"},"content":{"rendered":"<p>Speleolo\u0161ki klub \u017deljezni\u010dar<\/p>\n<p>Speleolo\u0161ko dru\u0161tvo Velebit<\/p>\n<p>Speleolo\u0161ki klub Ozren Luki\u0107<\/p>\n<p>Dru\u0161tvo za istra\u017eivanje i snimanje kr\u0161kih fenomena<\/p>\n<p>Dinaridi &#8211; dru\u0161tvo za istra\u017eivanje i snimanje kr\u0161kih fenomena<\/p>\n<p>Breganja<\/p>\n<p>Dru\u0161tvo za istra\u017eivanje kr\u0161a Freatik<\/p>\n<p>&nbsp;<\/p>\n","protected":false},"excerpt":{"rendered":"<p>Speleolo\u0161ki klub \u017deljezni\u010dar Speleolo\u0161ko dru\u0161tvo Velebit Speleolo\u0161ki klub Ozren Luki\u0107 Dru\u0161tvo za istra\u017eivanje i snimanje kr\u0161kih fenomena Dinaridi &#8211; dru\u0161tvo za istra\u017eivanje i snimanje kr\u0161kih fenomena Breganja Dru\u0161tvo za istra\u017eivanje kr\u0161a Freatik &nbsp;<\/p>\n","protected":false},"author":160,"featured_media":0,"parent":0,"menu_order":0,"comment_status":"closed","ping_status":"closed","template":"","meta":{"footnotes":""},"class_list":["post-438","page","type-page","status-publish","czr-hentry"],"_links":{"self":[{"href":"https:\/\/zagrebacki-speleoloski-savez.hr\/index.php?rest_route=\/wp\/v2\/pages\/438","targetHints":{"allow":["GET"]}}],"collection":[{"href":"https:\/\/zagrebacki-speleoloski-savez.hr\/index.php?rest_route=\/wp\/v2\/pages"}],"about":[{"href":"https:\/\/zagrebacki-speleoloski-savez.hr\/index.php?rest_route=\/wp\/v2\/types\/page"}],"author":[{"embeddable":true,"href":"https:\/\/zagrebacki-speleoloski-savez.hr\/index.php?rest_route=\/wp\/v2\/users\/160"}],"replies":[{"embeddable":true,"href":"https:\/\/zagrebacki-speleoloski-savez.hr\/index.php?rest_route=%2Fwp%2Fv2%2Fcomments&post=438"}],"version-history":[{"count":2,"href":"https:\/\/zagrebacki-speleoloski-savez.hr\/index.php?rest_route=\/wp\/v2\/pages\/438\/revisions"}],"predecessor-version":[{"id":516,"href":"https:\/\/zagrebacki-speleoloski-savez.hr\/index.php?rest_route=\/wp\/v2\/pages\/438\/revisions\/516"}],"wp:attachment":[{"href":"https:\/\/zagrebacki-speleoloski-savez.hr\/index.php?rest_route=%2Fwp%2Fv2%2Fmedia&parent=438"}],"curies":[{"name":"wp","href":"https:\/\/api.w.org\/{rel}","templated":true}]}}