{"id":451,"date":"2019-03-20T10:17:13","date_gmt":"2019-03-20T09:17:13","guid":{"rendered":"http:\/\/pubweb.carnet.hr\/zgspeleo\/?page_id=451"},"modified":"2019-05-29T11:10:37","modified_gmt":"2019-05-29T09:10:37","slug":"nabave","status":"publish","type":"page","link":"https:\/\/zagrebacki-speleoloski-savez.hr\/?page_id=451","title":{"rendered":"NABAVE"},"content":{"rendered":"<p>Nabave provedene u sklopu projekta &#8221;Centar izvrsnosti &#8211; Cerova\u010dke \u0161pilje: odr\u017eivo upravljanje prirodnom ba\u0161tinom i kr\u0161kim podzemljem&#8221;\u00a0KK.06.1.2.01.0011<\/p>\n<p><strong>Nabava 26 &#8211; Mala \u0161kola speleologije (datum objave: 14.3.2019.)<\/strong><\/p>\n<p style=\"padding-left: 30px\"><a href=\"http:\/\/pubweb.carnet.hr\/zgspeleo\/wp-content\/uploads\/sites\/160\/2019\/03\/ZSS_poziv-na-dostavu-ponuda-nabave-26.pdf\">ZSS_poziv na dostavu ponuda nabave 26<\/a><\/p>\n<p style=\"padding-left: 30px\"><a href=\"http:\/\/pubweb.carnet.hr\/zgspeleo\/wp-content\/uploads\/sites\/160\/2019\/03\/ZSS_prilog1_projektni-zadatak-nabave-26.pdf\">ZSS_prilog1_projektni zadatak nabave 26<\/a><\/p>\n<p style=\"padding-left: 30px\"><a href=\"http:\/\/pubweb.carnet.hr\/zgspeleo\/wp-content\/uploads\/sites\/160\/2019\/03\/ZSS-_prilog2_ponudbeni-list-nabave-26.docx\">ZSS _prilog2_ponudbeni list nabave 26<\/a><\/p>\n<p style=\"padding-left: 30px\"><a href=\"http:\/\/pubweb.carnet.hr\/zgspeleo\/wp-content\/uploads\/sites\/160\/2019\/03\/ZSS-_prilog3_izjava-o-iskljucujucim-uvjetima-nabave-26.docx\">ZSS _prilog3_izjava o iskljucujucim uvjetima nabave 26<\/a><\/p>\n<p style=\"padding-left: 30px\"><a href=\"http:\/\/pubweb.carnet.hr\/zgspeleo\/wp-content\/uploads\/sites\/160\/2019\/03\/ZSS_prilog4_troskovnik-nabave-26.docx\">ZSS_prilog4_troskovnik nabave 26<\/a><\/p>\n<p style=\"padding-left: 30px\"><a href=\"http:\/\/pubweb.carnet.hr\/zgspeleo\/wp-content\/uploads\/sites\/160\/2019\/03\/ZSS_prilog5_popis-usluga-nabave-26.docx\">ZSS_prilog5_popis usluga nabave 26<\/a><\/p>\n<p style=\"padding-left: 30px\"><a href=\"http:\/\/pubweb.carnet.hr\/zgspeleo\/wp-content\/uploads\/sites\/160\/2019\/03\/ZSS_prilog6-7_stru\u010dnjaci-nabave-26.docx\">ZSS_prilog6-7_stru\u010dnjaci nabave 26<\/a><\/p>\n<p style=\"padding-left: 30px\"><a href=\"http:\/\/pubweb.carnet.hr\/zgspeleo\/wp-content\/uploads\/sites\/160\/2019\/03\/ZSS-_prilog8-9_izjava-o-stru\u010dnoj-sposobnosti-nabave-26.docx\">ZSS _prilog8-9_izjava o stru\u010dnoj sposobnosti nabave 26<\/a><\/p>\n<p style=\"padding-left: 30px\"><a href=\"http:\/\/pubweb.carnet.hr\/zgspeleo\/wp-content\/uploads\/sites\/160\/2019\/03\/ZSS-_prilog10_primjer-ugovora-nabave-26.pdf\">ZSS _prilog10_primjer ugovora nabave 26<\/a><\/p>\n<p><strong>Nabava 9 &#8211; Razvoj sustava monitoringa u svrhu odr\u017eivog upravljanja prirodnom ba\u0161tinom u Parku prirode Velebit (datum objave: 5.4.2019.)<\/strong><\/p>\n<p><a href=\"https:\/\/strukturnifondovi.hr\/nabave-lista\/centar-izvrsnosti-cerova-ke-pilje-odr-ivo-upravljanje-prirodnom-ba-tinom-i-kr-kim-podzemljem-3\/\">https:\/\/strukturnifondovi.hr\/nabave-lista\/centar-izvrsnosti-cerova-ke-pilje-odr-ivo-upravljanje-prirodnom-ba-tinom-i-kr-kim-podzemljem-3\/<\/a><\/p>\n<p><strong>Nabava 9 &#8211; Razvoj sustava monitoringa u svrhu odr\u017eivog upravljanja prirodnom ba\u0161tinom u Parku prirode Velebit &#8211; prethodno savjetovanje (datum objave: 29.5.2019.)<\/strong><\/p>\n<p><a href=\"https:\/\/strukturnifondovi.hr\/nabave-lista\/centar-izvrsnosti-cerova-ke-pilje-odr-ivo-upravljanje-prirodnom-ba-tinom-i-kr-kim-podzemljem-4\/\">https:\/\/strukturnifondovi.hr\/nabave-lista\/centar-izvrsnosti-cerova-ke-pilje-odr-ivo-upravljanje-prirodnom-ba-tinom-i-kr-kim-podzemljem-4\/\u00a0<\/a><\/p>\n","protected":false},"excerpt":{"rendered":"<p>Nabave provedene u sklopu projekta &#8221;Centar izvrsnosti &#8211; Cerova\u010dke \u0161pilje: odr\u017eivo upravljanje prirodnom ba\u0161tinom i kr\u0161kim podzemljem&#8221;\u00a0KK.06.1.2.01.0011 Nabava 26 &#8211; Mala \u0161kola speleologije (datum objave: 14.3.2019.) ZSS_poziv na dostavu ponuda nabave 26 ZSS_prilog1_projektni zadatak nabave 26 ZSS _prilog2_ponudbeni list nabave 26 ZSS _prilog3_izjava o iskljucujucim uvjetima nabave 26 ZSS_prilog4_troskovnik nabave 26 ZSS_prilog5_popis usluga nabave 26 [&hellip;]<\/p>\n","protected":false},"author":160,"featured_media":0,"parent":0,"menu_order":0,"comment_status":"closed","ping_status":"closed","template":"","meta":{"footnotes":""},"class_list":["post-451","page","type-page","status-publish","czr-hentry"],"_links":{"self":[{"href":"https:\/\/zagrebacki-speleoloski-savez.hr\/index.php?rest_route=\/wp\/v2\/pages\/451","targetHints":{"allow":["GET"]}}],"collection":[{"href":"https:\/\/zagrebacki-speleoloski-savez.hr\/index.php?rest_route=\/wp\/v2\/pages"}],"about":[{"href":"https:\/\/zagrebacki-speleoloski-savez.hr\/index.php?rest_route=\/wp\/v2\/types\/page"}],"author":[{"embeddable":true,"href":"https:\/\/zagrebacki-speleoloski-savez.hr\/index.php?rest_route=\/wp\/v2\/users\/160"}],"replies":[{"embeddable":true,"href":"https:\/\/zagrebacki-speleoloski-savez.hr\/index.php?rest_route=%2Fwp%2Fv2%2Fcomments&post=451"}],"version-history":[{"count":2,"href":"https:\/\/zagrebacki-speleoloski-savez.hr\/index.php?rest_route=\/wp\/v2\/pages\/451\/revisions"}],"predecessor-version":[{"id":481,"href":"https:\/\/zagrebacki-speleoloski-savez.hr\/index.php?rest_route=\/wp\/v2\/pages\/451\/revisions\/481"}],"wp:attachment":[{"href":"https:\/\/zagrebacki-speleoloski-savez.hr\/index.php?rest_route=%2Fwp%2Fv2%2Fmedia&parent=451"}],"curies":[{"name":"wp","href":"https:\/\/api.w.org\/{rel}","templated":true}]}}