{"id":48,"date":"2014-09-21T00:14:27","date_gmt":"2014-09-20T22:14:27","guid":{"rendered":"http:\/\/pubweb.carnet.hr\/zgspeleo\/?page_id=48"},"modified":"2026-03-08T15:09:48","modified_gmt":"2026-03-08T14:09:48","slug":"clanstvo","status":"publish","type":"page","link":"https:\/\/zagrebacki-speleoloski-savez.hr\/?page_id=48","title":{"rendered":"DOKUMENTI I \u010cLANSTVO"},"content":{"rendered":"<ul>\n<li><a href=\"http:\/\/speleologija.eu\/repozitorij\/zss\/ZSS_Statut_procisceni_tekst.pdf\">Statut Zagreba\u010dkog speleolo\u0161kog saveza &#8211; pro\u010di\u0161\u0107eni tekst &#8211; pdf<\/a><\/li>\n<li><a href=\"http:\/\/speleologija.eu\/repozitorij\/zss\/Izvod iz registra udruga-2024.pdf\">Izvadak iz\u00a0Registra udruga RH<\/a><\/li>\n<li><a href=\"http:\/\/speleologija.eu\/repozitorij\/zss\/ZSS-dopustenje.pdf\" target=\"_blank\" rel=\"noopener\">Dopu\u0161tenje za speleolo\u0161ka istra\u017eivanja<\/a><\/li>\n<\/ul>\n<p><strong>\u010clanstvo u Savezu<\/strong><\/p>\n<p style=\"text-align: justify\">U Savez se mogu u\u010dlaniti speleolo\u0161ke udruge, i druge udruge i pravne osobe koje su registrirane za speleolo\u0161ku djelatnost i koje djeluju na podru\u010dju Grada Zagreba i Zagreba\u010dke \u017eupanije.<\/p>\n<ul>\n<li><a href=\"http:\/\/speleologija.eu\/repozitorij\/zss\/ZSS-clanarina.pdf\">Upute o uplati \u010dlanarine za teku\u0107u godinu<\/a><\/li>\n<li><a href=\"http:\/\/pubweb.carnet.hr\/zgspeleo\/wp-content\/uploads\/sites\/160\/2014\/09\/ZSS_postupak_uclanjenja.pdf\">Postupak u\u010dlanjenja<\/a><\/li>\n<li><a href=\"http:\/\/pubweb.carnet.hr\/zgspeleo\/wp-content\/uploads\/sites\/160\/2019\/04\/pravilnik-o-\u010dlanstvu_ZSS_2019.pdf\">Pravilnik o \u010dlanstvu<\/a><\/li>\n<li><a href=\"http:\/\/pubweb.carnet.hr\/zgspeleo\/wp-content\/uploads\/sites\/160\/2014\/09\/ZSS_kodeks_ponasanja.pdf\">Kodeks pona\u0161anja<\/a><\/li>\n<\/ul>\n<p>\u00a0<\/p>\n<p><b><span style=\"text-decoration: underline\">Popis udruga \u010dlanica ZSS-a<\/span>:<\/b><\/p>\n<h6>&#8211; SD Velebit\u00a0<\/h6>\n<h6>&#8211; SK \u017deljezni\u010dar\u00a0<\/h6>\n<h6>&#8211; SK Ozren Luki\u0107\u00a0<\/h6>\n<h6>&#8211; DISKF\u00a0<\/h6>\n<h6>&#8211; Udruga Breganja<\/h6>\n<h6>&#8211; D-DISKF\u00a0<\/h6>\n<h6>&#8211; Freatik<\/h6>\n<p>\u00a0<\/p>\n\n\n<p><strong>IZVJE\u0160\u0106A O RADU<\/strong><\/p>\n\n\n\n<ul class=\"wp-block-list\">\n<li><a href=\"https:\/\/zagrebacki-speleoloski-savez.hr\/wp-content\/uploads\/sites\/160\/2026\/03\/IZVJESCE-O-RADU-ZSS-2025.pdf\">Izvje\u0161\u0107e o radu 2025<\/a><\/li>\n\n\n\n<li><a href=\"https:\/\/zagrebacki-speleoloski-savez.hr\/wp-content\/uploads\/sites\/160\/2026\/03\/IZVJESCE-O-RADU-ZSS-2024.pdf\">Izvje\u0161\u0107e o radu 2024<\/a><\/li>\n\n\n\n<li><a href=\"https:\/\/zagrebacki-speleoloski-savez.hr\/wp-content\/uploads\/sites\/160\/2026\/03\/IZVJESCE-O-RADU-ZSS-2023.pdf\">Izvje\u0161\u0107e o radu 2023<\/a><\/li>\n<\/ul>\n\n\n\n<p><strong>FINANCIJSKA IZVJE\u0160\u0106A<\/strong><\/p>\n\n\n\n<ul class=\"wp-block-list\">\n<li><a href=\"https:\/\/zagrebacki-speleoloski-savez.hr\/wp-content\/uploads\/sites\/160\/2026\/03\/Financijski-izvjestaj-2024.pdf\">Financijski izvje\u0161taj 2024-ZSS<\/a><\/li>\n\n\n\n<li><a href=\"https:\/\/zagrebacki-speleoloski-savez.hr\/wp-content\/uploads\/sites\/160\/2026\/03\/Financijski-izvjestaj-2023.pdf\">Financijski izvje\u0161taj 2023-ZSS<\/a><\/li>\n\n\n\n<li><a href=\"https:\/\/zagrebacki-speleoloski-savez.hr\/wp-content\/uploads\/sites\/160\/2026\/03\/Financijski-izvjestaj-2022.pdf\">Financijski izvje\u0161taj 2022-ZSS<\/a><\/li>\n<\/ul>\n","protected":false},"excerpt":{"rendered":"<p>Statut Zagreba\u010dkog speleolo\u0161kog saveza &#8211; pro\u010di\u0161\u0107eni tekst &#8211; pdf Izvadak iz\u00a0Registra udruga RH Dopu\u0161tenje za speleolo\u0161ka istra\u017eivanja \u010clanstvo u Savezu U Savez se mogu u\u010dlaniti speleolo\u0161ke udruge, i druge udruge i pravne osobe koje su registrirane za speleolo\u0161ku djelatnost i koje djeluju na podru\u010dju Grada Zagreba i Zagreba\u010dke \u017eupanije. Upute o uplati \u010dlanarine za teku\u0107u [&hellip;]<\/p>\n","protected":false},"author":160,"featured_media":0,"parent":0,"menu_order":0,"comment_status":"closed","ping_status":"closed","template":"","meta":{"footnotes":""},"class_list":["post-48","page","type-page","status-publish","czr-hentry"],"_links":{"self":[{"href":"https:\/\/zagrebacki-speleoloski-savez.hr\/index.php?rest_route=\/wp\/v2\/pages\/48","targetHints":{"allow":["GET"]}}],"collection":[{"href":"https:\/\/zagrebacki-speleoloski-savez.hr\/index.php?rest_route=\/wp\/v2\/pages"}],"about":[{"href":"https:\/\/zagrebacki-speleoloski-savez.hr\/index.php?rest_route=\/wp\/v2\/types\/page"}],"author":[{"embeddable":true,"href":"https:\/\/zagrebacki-speleoloski-savez.hr\/index.php?rest_route=\/wp\/v2\/users\/160"}],"replies":[{"embeddable":true,"href":"https:\/\/zagrebacki-speleoloski-savez.hr\/index.php?rest_route=%2Fwp%2Fv2%2Fcomments&post=48"}],"version-history":[{"count":1,"href":"https:\/\/zagrebacki-speleoloski-savez.hr\/index.php?rest_route=\/wp\/v2\/pages\/48\/revisions"}],"predecessor-version":[{"id":588,"href":"https:\/\/zagrebacki-speleoloski-savez.hr\/index.php?rest_route=\/wp\/v2\/pages\/48\/revisions\/588"}],"wp:attachment":[{"href":"https:\/\/zagrebacki-speleoloski-savez.hr\/index.php?rest_route=%2Fwp%2Fv2%2Fmedia&parent=48"}],"curies":[{"name":"wp","href":"https:\/\/api.w.org\/{rel}","templated":true}]}}